{"id":2,"date":"2007-07-24T10:50:45","date_gmt":"2007-07-24T07:50:45","guid":{"rendered":""},"modified":"2016-03-02T21:43:21","modified_gmt":"2016-03-02T19:43:21","slug":"about","status":"publish","type":"page","link":"https:\/\/simonas.bartkus.lt\/blog\/about\/","title":{"rendered":"Apie blog\u0105"},"content":{"rendered":"<p>\u0160is blogas sukurtas 2007 m. liepos m\u0117nes\u012f. \u0160iame bloge surinkau ir susisteminau daugyb\u0119 straipsni\u0173, \u012fra\u0161\u0173 \u012fvairiuose bloguose, kokius dar yra i\u0161lik\u0119 ir sud\u0117jau juos chronologine tvarka.<\/p>\n<p>\u0160iame bloge publikuojami visi mano ra\u0161omi straipsniai, ap\u017evalgos ir recenzijos. Taip pat \u010dia perkelta dalis \u012fra\u0161\u0173 i\u0161 &#8222;LiveJournal&#8221; sistemos, dienora\u0161\u010dio, ra\u0161yto svetain\u0117je www.vaikinai.lt\/smb (nelaim\u0117, ji mir\u0117, su visa duomen\u0173 baze :( ), i\u0161 &#8222;AppleZone&#8221; blog&#8217;o ir kit\u0173 gyv\u0173 arba nebegyv\u0173 \u0161altini\u0173.<\/p>\n<p>Nuo \u0161iol \u0161is blogas bus gyvybingas ir nuolat pildomas.<\/p>\n<p>Atsipalaiduok. Ir siek tikslo.<\/p>\n<p>Simonas Bartkus, 2007 07 24.<\/p>\n","protected":false},"excerpt":{"rendered":"<p>\u0160is blogas sukurtas 2007 m. liepos m\u0117nes\u012f. \u0160iame bloge surinkau ir susisteminau daugyb\u0119 straipsni\u0173, \u012fra\u0161\u0173 \u012fvairiuose bloguose, kokius dar yra i\u0161lik\u0119 ir sud\u0117jau juos chronologine tvarka. \u0160iame bloge publikuojami visi mano ra\u0161omi straipsniai, ap\u017evalgos ir recenzijos. Taip pat \u010dia perkelta dalis \u012fra\u0161\u0173 i\u0161 &#8222;LiveJournal&#8221; sistemos, dienora\u0161\u010dio, ra\u0161yto svetain\u0117je www.vaikinai.lt\/smb (nelaim\u0117, ji mir\u0117, su visa duomen\u0173 [&hellip;]<\/p>\n","protected":false},"author":1,"featured_media":0,"parent":0,"menu_order":0,"comment_status":"closed","ping_status":"open","template":"","meta":[],"_links":{"self":[{"href":"https:\/\/simonas.bartkus.lt\/blog\/wp-json\/wp\/v2\/pages\/2"}],"collection":[{"href":"https:\/\/simonas.bartkus.lt\/blog\/wp-json\/wp\/v2\/pages"}],"about":[{"href":"https:\/\/simonas.bartkus.lt\/blog\/wp-json\/wp\/v2\/types\/page"}],"author":[{"embeddable":true,"href":"https:\/\/simonas.bartkus.lt\/blog\/wp-json\/wp\/v2\/users\/1"}],"replies":[{"embeddable":true,"href":"https:\/\/simonas.bartkus.lt\/blog\/wp-json\/wp\/v2\/comments?post=2"}],"version-history":[{"count":1,"href":"https:\/\/simonas.bartkus.lt\/blog\/wp-json\/wp\/v2\/pages\/2\/revisions"}],"predecessor-version":[{"id":3000,"href":"https:\/\/simonas.bartkus.lt\/blog\/wp-json\/wp\/v2\/pages\/2\/revisions\/3000"}],"wp:attachment":[{"href":"https:\/\/simonas.bartkus.lt\/blog\/wp-json\/wp\/v2\/media?parent=2"}],"curies":[{"name":"wp","href":"https:\/\/api.w.org\/{rel}","templated":true}]}}