{"id":898,"date":"2008-12-17T23:08:21","date_gmt":"2008-12-17T21:08:21","guid":{"rendered":"http:\/\/simonas.bartkus.lt\/blog\/parasykite-autoriui\/"},"modified":"2008-12-17T23:09:02","modified_gmt":"2008-12-17T21:09:02","slug":"parasykite-autoriui","status":"publish","type":"page","link":"https:\/\/simonas.bartkus.lt\/blog\/parasykite-autoriui\/","title":{"rendered":"Para\u0161ykite autoriui"},"content":{"rendered":"<div role=\"form\" class=\"wpcf7\" id=\"wpcf7-f2789-o1\" lang=\"en-US\" dir=\"ltr\">\n<div class=\"screen-reader-response\" role=\"alert\" aria-live=\"polite\"><\/div>\n<form action=\"\/blog\/wp-json\/wp\/v2\/pages\/898#wpcf7-f2789-o1\" method=\"post\" class=\"wpcf7-form init\" novalidate=\"novalidate\">\n<div style=\"display: none;\">\n<input type=\"hidden\" name=\"_wpcf7\" value=\"2789\" \/>\n<input type=\"hidden\" name=\"_wpcf7_version\" value=\"5.2.2\" \/>\n<input type=\"hidden\" name=\"_wpcf7_locale\" value=\"en_US\" \/>\n<input type=\"hidden\" name=\"_wpcf7_unit_tag\" value=\"wpcf7-f2789-o1\" \/>\n<input type=\"hidden\" name=\"_wpcf7_container_post\" value=\"0\" \/>\n<input type=\"hidden\" name=\"_wpcf7_posted_data_hash\" value=\"\" \/>\n<\/div>\n<p>J\u016bs\u0173 vardas (b\u016btinai para\u0161ykite)<br \/>\n    <span class=\"wpcf7-form-control-wrap your-name\"><input type=\"text\" name=\"your-name\" value=\"\" size=\"40\" class=\"wpcf7-form-control wpcf7-text wpcf7-validates-as-required\" aria-required=\"true\" aria-invalid=\"false\" \/><\/span> <\/p>\n<p>J\u016bs\u0173 el. pa\u0161tas (nesl\u0117pkite)<br \/>\n    <span class=\"wpcf7-form-control-wrap your-email\"><input type=\"email\" name=\"your-email\" value=\"\" size=\"40\" class=\"wpcf7-form-control wpcf7-text wpcf7-email wpcf7-validates-as-required wpcf7-validates-as-email\" aria-required=\"true\" aria-invalid=\"false\" \/><\/span> <\/p>\n<p>Tema<br \/>\n    <span class=\"wpcf7-form-control-wrap your-subject\"><input type=\"text\" name=\"your-subject\" value=\"\" size=\"40\" class=\"wpcf7-form-control wpcf7-text\" aria-invalid=\"false\" \/><\/span> <\/p>\n<p>J\u016bs\u0173 \u017einut\u0117<br \/>\n    <span class=\"wpcf7-form-control-wrap your-message\"><textarea name=\"your-message\" cols=\"40\" rows=\"10\" class=\"wpcf7-form-control wpcf7-textarea\" aria-invalid=\"false\"><\/textarea><\/span> <\/p>\n<p><input type=\"submit\" value=\"Si\u0173sti\" class=\"wpcf7-form-control wpcf7-submit\" \/><\/p>\n<p style=\"display: none !important;\"><label>&#916;<textarea name=\"_wpcf7_ak_hp_textarea\" cols=\"45\" rows=\"8\" maxlength=\"100\"><\/textarea><\/label><input type=\"hidden\" id=\"ak_js_1\" name=\"_wpcf7_ak_js\" value=\"156\"\/><script>document.getElementById( \"ak_js_1\" ).setAttribute( \"value\", ( new Date() ).getTime() );<\/script><\/p><div class=\"wpcf7-response-output\" role=\"alert\" aria-hidden=\"true\"><\/div><\/form><\/div>\n","protected":false},"excerpt":{"rendered":"","protected":false},"author":2,"featured_media":0,"parent":0,"menu_order":0,"comment_status":"closed","ping_status":"closed","template":"","meta":[],"_links":{"self":[{"href":"https:\/\/simonas.bartkus.lt\/blog\/wp-json\/wp\/v2\/pages\/898"}],"collection":[{"href":"https:\/\/simonas.bartkus.lt\/blog\/wp-json\/wp\/v2\/pages"}],"about":[{"href":"https:\/\/simonas.bartkus.lt\/blog\/wp-json\/wp\/v2\/types\/page"}],"author":[{"embeddable":true,"href":"https:\/\/simonas.bartkus.lt\/blog\/wp-json\/wp\/v2\/users\/2"}],"replies":[{"embeddable":true,"href":"https:\/\/simonas.bartkus.lt\/blog\/wp-json\/wp\/v2\/comments?post=898"}],"version-history":[{"count":1,"href":"https:\/\/simonas.bartkus.lt\/blog\/wp-json\/wp\/v2\/pages\/898\/revisions"}],"predecessor-version":[{"id":899,"href":"https:\/\/simonas.bartkus.lt\/blog\/wp-json\/wp\/v2\/pages\/898\/revisions\/899"}],"wp:attachment":[{"href":"https:\/\/simonas.bartkus.lt\/blog\/wp-json\/wp\/v2\/media?parent=898"}],"curies":[{"name":"wp","href":"https:\/\/api.w.org\/{rel}","templated":true}]}}