{"id":95,"date":"2007-07-24T22:38:06","date_gmt":"2007-07-24T19:38:06","guid":{"rendered":"http:\/\/simonas.bartkus.lt\/blog\/apie-autoriu\/"},"modified":"2020-08-17T22:05:28","modified_gmt":"2020-08-17T19:05:28","slug":"apie-autoriu","status":"publish","type":"page","link":"https:\/\/simonas.bartkus.lt\/blog\/apie-autoriu\/","title":{"rendered":"Apie autori\u0173"},"content":{"rendered":"<p>A\u0161, Simonas Bartkus, gimiau 1983 m. bir\u017eelio 5 dien\u0105 Klaip\u0117doje. Vaikyst\u0117 ir paauglyst\u0117 prab\u0117go \u0160iauliuose, kur baigiau <a href=\"http:\/\/www.romuvosgimn.lt\/\" target=\"_blank\" rel=\"noopener noreferrer\">&#8222;Romuvos&#8221; vidurin\u0119 mokykl\u0105<\/a> (dabar &#8211; to paties pavadinimo gimnazija), vasaras leisdavau <a href=\"http:\/\/lt.wikipedia.org\/wiki\/Jak\u0161tai\u010diai_(Kretinga)\" target=\"_blank\" rel=\"noopener noreferrer\">Jak\u0161tai\u010di\u0173 kaime (Kretingos raj.)<\/a>.<\/p>\n<p>1999 m. buvau Steigiamojo <a href=\"http:\/\/www.lmp.lt\/\" target=\"_blank\" rel=\"noopener noreferrer\">Lietuvos Mokini\u0173 Parlamento<\/a> narys.<\/p>\n<p>2001-2005 m. baigiau ekonomikos bakalauro studijas <a href=\"http:\/\/www.vu.lt\/lt\/\" target=\"_blank\" rel=\"noopener noreferrer\">Vilniaus Universiteto<\/a> <a href=\"http:\/\/www.ef.vu.lt\/\" target=\"_blank\" rel=\"noopener noreferrer\">Ekonomikos fakultete<\/a>. 2008 m. baigiau\u00a0 to paties fakulteto Europos ekonomini\u0173 studij\u0173 magistro programos studijas.<\/p>\n<p>2001-2004 m. ra\u0161iau \u012fvairiems Lietuvos interneto portalams ir \u017eurnalams ekonomin\u0117mis, popmuzikos, laisvalaikio ir IT temomis. 2001-2005 m. buvau vienos pirmosios pa\u017ein\u010di\u0173 tarnybos www.vaikinai.lt vadovas.<\/p>\n<p>2003-2005 m. dirbau <a href=\"http:\/\/www.idamas.lt\" target=\"_blank\" rel=\"noopener noreferrer\">UAB &#8222;Idamas&#8221;<\/a> marketingo vadybininku. 2005-2007 m. dirbau <a href=\"http:\/\/www.impartner.lt\" target=\"_blank\" rel=\"noopener noreferrer\">UAB &#8222;Interactive Marketing Partner Baltic&#8221;<\/a> projekt\u0173 vadovu. Nuo 2007 m. vasario iki 2009 m. rudens dirbau <a href=\"http:\/\/www.statoil.lt\" target=\"_blank\" rel=\"noopener noreferrer\">UAB &#8222;Lietuva Statoil&#8221;<\/a> marketingo vadovu.<\/p>\n<p>Nuo 2009 m. rugs\u0117jo vadovavau\u00a0<a href=\"http:\/\/www.vno.lt\" target=\"_blank\" rel=\"noopener noreferrer\">V\u012e &#8222;Tarptautinis Vilniaus oro uostas&#8221;<\/a> Aviacini\u0173 paslaug\u0173 skyriui, nuo 2010 m. sausio iki 2013 m. sausio &#8211;\u00a0Komercijos departamento direktorius.<\/p>\n<p>Nuo 2013 m. vasario prisijungiau prie &#8222;Air Lituanica&#8221; projekto &#8211; tur\u0117jau galimyb\u0119 prisid\u0117ti prie bandymo atkurti nacionalin\u0119 aviakompanij\u0105 nuo projekto prad\u017eios iki pat pabaigos.<\/p>\n<p>Nuo 2015 m. bir\u017eelio iki 2018 m. pabaigos dirbau atostog\u0173 aviakompanijos <a href=\"http:\/\/www.smallplanet.aero\">&#8222;Small Planet Airlines&#8221;<\/a> marketingo departamento vadovu. Nuo 2019 m. sausio &#8211; ch-aviation CMO.<\/p>\n<p>Nuo 2007 m. esu Lietuvos Marketingo Asociacijos narys (iki 2008 m. vidurio- Marketingo Specialist\u0173 Asociacija), 2008 m. pavasar\u012f buvau i\u0161rinktas \u012f LiMA valdyb\u0105, nuo 2009 m. bir\u017eelio m\u0117n. esu Lietuvos Marketingo Asociacijos valdybos pirmininkas. 2010 m. perrinktas antrai kadencijai, 2011 &#8211; tre\u010diai, 2012 &#8211; ketvirtai, 2014 &#8211; penktai. Nuo 2016 m. esu LiMA garb\u0117s narys.<\/p>\n<p>2004 m. vasar\u0105 su grupe bi\u010diuli\u0173 prad\u0117jome kurti lietuvi\u0161k\u0105 interneto svetain\u0119 apie kin\u0105 www.kinas.info, kuri &#8222;atv\u0117r\u0117 duris&#8221; 2004 m. gruod\u017eio 5 dien\u0105. \u0160iandien &#8211; tai did\u017eiausia svetain\u0117 apie kin\u0105, kuri\u0105 kas m\u0117nes\u012f aplanko per 80 t\u016bkst. lankytoj\u0173. \u0160\u012f projekt\u0105 2010 m. perleidau.<\/p>\n<p>Simonas Bartkus, 2020.<\/p>\n","protected":false},"excerpt":{"rendered":"<p>A\u0161, Simonas Bartkus, gimiau 1983 m. bir\u017eelio 5 dien\u0105 Klaip\u0117doje. Vaikyst\u0117 ir paauglyst\u0117 prab\u0117go \u0160iauliuose, kur baigiau &#8222;Romuvos&#8221; vidurin\u0119 mokykl\u0105 (dabar &#8211; to paties pavadinimo gimnazija), vasaras leisdavau Jak\u0161tai\u010di\u0173 kaime (Kretingos raj.). 1999 m. buvau Steigiamojo Lietuvos Mokini\u0173 Parlamento narys. 2001-2005 m. baigiau ekonomikos bakalauro studijas Vilniaus Universiteto Ekonomikos fakultete. 2008 m. baigiau\u00a0 to paties [&hellip;]<\/p>\n","protected":false},"author":1,"featured_media":0,"parent":0,"menu_order":0,"comment_status":"closed","ping_status":"open","template":"","meta":[],"_links":{"self":[{"href":"https:\/\/simonas.bartkus.lt\/blog\/wp-json\/wp\/v2\/pages\/95"}],"collection":[{"href":"https:\/\/simonas.bartkus.lt\/blog\/wp-json\/wp\/v2\/pages"}],"about":[{"href":"https:\/\/simonas.bartkus.lt\/blog\/wp-json\/wp\/v2\/types\/page"}],"author":[{"embeddable":true,"href":"https:\/\/simonas.bartkus.lt\/blog\/wp-json\/wp\/v2\/users\/1"}],"replies":[{"embeddable":true,"href":"https:\/\/simonas.bartkus.lt\/blog\/wp-json\/wp\/v2\/comments?post=95"}],"version-history":[{"count":5,"href":"https:\/\/simonas.bartkus.lt\/blog\/wp-json\/wp\/v2\/pages\/95\/revisions"}],"predecessor-version":[{"id":3348,"href":"https:\/\/simonas.bartkus.lt\/blog\/wp-json\/wp\/v2\/pages\/95\/revisions\/3348"}],"wp:attachment":[{"href":"https:\/\/simonas.bartkus.lt\/blog\/wp-json\/wp\/v2\/media?parent=95"}],"curies":[{"name":"wp","href":"https:\/\/api.w.org\/{rel}","templated":true}]}}